{"id":1755,"date":"2024-01-22T17:00:19","date_gmt":"2024-01-22T16:00:19","guid":{"rendered":"https:\/\/odemelodique.fr\/?page_id=1755"},"modified":"2024-03-29T16:28:51","modified_gmt":"2024-03-29T15:28:51","slug":"ateliers-de-decouverte-de-la-musique","status":"publish","type":"page","link":"https:\/\/odemelodique.fr\/index.php\/stages-ateliers\/ateliers-de-decouverte-de-la-musique\/","title":{"rendered":"Ateliers de d\u00e9couverte de la musique"},"content":{"rendered":"\n<figure class=\"wp-block-image alignfull size-large\"><img loading=\"lazy\" decoding=\"async\" width=\"1024\" height=\"307\" src=\"https:\/\/odemelodique.fr\/wp-content\/uploads\/2024\/03\/6-1024x307.png\" alt=\"\" class=\"wp-image-1865\" srcset=\"https:\/\/odemelodique.fr\/wp-content\/uploads\/2024\/03\/6-1024x307.png 1024w, https:\/\/odemelodique.fr\/wp-content\/uploads\/2024\/03\/6-300x90.png 300w, https:\/\/odemelodique.fr\/wp-content\/uploads\/2024\/03\/6-768x230.png 768w, https:\/\/odemelodique.fr\/wp-content\/uploads\/2024\/03\/6-1536x461.png 1536w, https:\/\/odemelodique.fr\/wp-content\/uploads\/2024\/03\/6.png 2000w\" sizes=\"auto, (max-width: 1024px) 100vw, 1024px\" \/><\/figure>\n\n\n\n<p>La Cie Ode M\u00e9lodique propose des ateliers de d\u00e9couverte de la musique avant ou apr\u00e8s leur spectacle des 3 contes de la nature. Le temps de quelques minutes ou de quelques heures, Maude et Elodie proposent aux petits et grands de se familiariser avec diff\u00e9rents instruments : guitare, accord\u00e9on, fl\u00fbte double, saxophone,&#8230; et celui que tout le monde a : la voix ! <\/p>\n\n\n\n<h4 id=\"wp-block-themeisle-blocks-advanced-heading-6b34bcac\" class=\"wp-block-themeisle-blocks-advanced-heading wp-block-themeisle-blocks-advanced-heading-6b34bcac\">Fiche technique<\/h4>\n\n\n\n<div class=\"wp-block-columns is-layout-flex wp-container-core-columns-is-layout-9d6595d7 wp-block-columns-is-layout-flex\">\n<div class=\"wp-block-column is-vertically-aligned-center is-layout-flow wp-block-column-is-layout-flow\">\n<ul class=\"wp-block-list\">\n<li>Enfants de 3 \u00e0 8 ans<\/li>\n\n\n\n<li>De 30 minutes \u00e0 45 minutes par atelier<\/li>\n\n\n\n<li><a href=\"https:\/\/odemelodique.fr\/index.php\/b56e6-contact\/\">Contactez-nous<\/a> pour construire ensemble des ateliers qui vous correspondent !<\/li>\n<\/ul>\n<\/div>\n<\/div>\n","protected":false},"excerpt":{"rendered":"<p>La Cie Ode M\u00e9lodique propose des ateliers de d\u00e9couverte de la musique avant ou apr\u00e8s leur spectacle des 3 contes de la nature. Le temps de quelques minutes ou de&hellip;&nbsp;<a href=\"https:\/\/odemelodique.fr\/index.php\/stages-ateliers\/ateliers-de-decouverte-de-la-musique\/\" class=\"\" rel=\"bookmark\">Lire la suite &raquo;<span class=\"screen-reader-text\">Ateliers de d\u00e9couverte de la musique<\/span><\/a><\/p>\n","protected":false},"author":1,"featured_media":0,"parent":1739,"menu_order":1,"comment_status":"closed","ping_status":"closed","template":"","meta":{"neve_meta_sidebar":"","neve_meta_container":"","neve_meta_enable_content_width":"","neve_meta_content_width":0,"neve_meta_title_alignment":"","neve_meta_author_avatar":"","neve_post_elements_order":"","neve_meta_disable_header":"","neve_meta_disable_footer":"","neve_meta_disable_title":"","_themeisle_gutenberg_block_has_review":false,"_ti_tpc_template_sync":false,"_ti_tpc_template_id":"","footnotes":""},"class_list":["post-1755","page","type-page","status-publish","hentry"],"yoast_head":"<!-- This site is optimized with the Yoast SEO plugin v20.8 - https:\/\/yoast.com\/wordpress\/plugins\/seo\/ -->\n<title>Ateliers de d\u00e9couverte de la musique - Compagnie Ode M\u00e9lodique<\/title>\n<meta name=\"robots\" content=\"index, follow, max-snippet:-1, max-image-preview:large, max-video-preview:-1\" \/>\n<link rel=\"canonical\" href=\"https:\/\/odemelodique.fr\/index.php\/stages-ateliers\/ateliers-de-decouverte-de-la-musique\/\" \/>\n<meta property=\"og:locale\" content=\"fr_FR\" \/>\n<meta property=\"og:type\" content=\"article\" \/>\n<meta property=\"og:title\" content=\"Ateliers de d\u00e9couverte de la musique - Compagnie Ode M\u00e9lodique\" \/>\n<meta property=\"og:description\" content=\"La Cie Ode M\u00e9lodique propose des ateliers de d\u00e9couverte de la musique avant ou apr\u00e8s leur spectacle des 3 contes de la nature. Le temps de quelques minutes ou de&hellip;&nbsp;Lire la suite &raquo;Ateliers de d\u00e9couverte de la musique\" \/>\n<meta property=\"og:url\" content=\"https:\/\/odemelodique.fr\/index.php\/stages-ateliers\/ateliers-de-decouverte-de-la-musique\/\" \/>\n<meta property=\"og:site_name\" content=\"Compagnie Ode M\u00e9lodique\" \/>\n<meta property=\"article:modified_time\" content=\"2024-03-29T15:28:51+00:00\" \/>\n<meta property=\"og:image\" content=\"https:\/\/odemelodique.fr\/wp-content\/uploads\/2024\/03\/6-1024x307.png\" \/>\n<meta name=\"twitter:card\" content=\"summary_large_image\" \/>\n<meta name=\"twitter:label1\" content=\"Dur\u00e9e de lecture estim\u00e9e\" \/>\n\t<meta name=\"twitter:data1\" content=\"1 minute\" \/>\n<script type=\"application\/ld+json\" class=\"yoast-schema-graph\">{\"@context\":\"https:\/\/schema.org\",\"@graph\":[{\"@type\":\"WebPage\",\"@id\":\"https:\/\/odemelodique.fr\/index.php\/stages-ateliers\/ateliers-de-decouverte-de-la-musique\/\",\"url\":\"https:\/\/odemelodique.fr\/index.php\/stages-ateliers\/ateliers-de-decouverte-de-la-musique\/\",\"name\":\"Ateliers de d\u00e9couverte de la musique - Compagnie Ode M\u00e9lodique\",\"isPartOf\":{\"@id\":\"https:\/\/odemelodique.fr\/#website\"},\"datePublished\":\"2024-01-22T16:00:19+00:00\",\"dateModified\":\"2024-03-29T15:28:51+00:00\",\"breadcrumb\":{\"@id\":\"https:\/\/odemelodique.fr\/index.php\/stages-ateliers\/ateliers-de-decouverte-de-la-musique\/#breadcrumb\"},\"inLanguage\":\"fr-FR\",\"potentialAction\":[{\"@type\":\"ReadAction\",\"target\":[\"https:\/\/odemelodique.fr\/index.php\/stages-ateliers\/ateliers-de-decouverte-de-la-musique\/\"]}]},{\"@type\":\"BreadcrumbList\",\"@id\":\"https:\/\/odemelodique.fr\/index.php\/stages-ateliers\/ateliers-de-decouverte-de-la-musique\/#breadcrumb\",\"itemListElement\":[{\"@type\":\"ListItem\",\"position\":1,\"name\":\"Accueil\",\"item\":\"https:\/\/odemelodique.fr\/\"},{\"@type\":\"ListItem\",\"position\":2,\"name\":\"Stages &#038; ateliers de mediation\",\"item\":\"https:\/\/odemelodique.fr\/index.php\/stages-ateliers\/\"},{\"@type\":\"ListItem\",\"position\":3,\"name\":\"Ateliers de d\u00e9couverte de la musique\"}]},{\"@type\":\"WebSite\",\"@id\":\"https:\/\/odemelodique.fr\/#website\",\"url\":\"https:\/\/odemelodique.fr\/\",\"name\":\"Compagnie Ode M\u00e9lodique\",\"description\":\"\",\"publisher\":{\"@id\":\"https:\/\/odemelodique.fr\/#organization\"},\"potentialAction\":[{\"@type\":\"SearchAction\",\"target\":{\"@type\":\"EntryPoint\",\"urlTemplate\":\"https:\/\/odemelodique.fr\/?s={search_term_string}\"},\"query-input\":\"required name=search_term_string\"}],\"inLanguage\":\"fr-FR\"},{\"@type\":\"Organization\",\"@id\":\"https:\/\/odemelodique.fr\/#organization\",\"name\":\"Compagnie Ode M\u00e9lodique\",\"url\":\"https:\/\/odemelodique.fr\/\",\"logo\":{\"@type\":\"ImageObject\",\"inLanguage\":\"fr-FR\",\"@id\":\"https:\/\/odemelodique.fr\/#\/schema\/logo\/image\/\",\"url\":\"https:\/\/odemelodique.fr\/wp-content\/uploads\/2022\/10\/Logo-noir-fond-blanc-RECTANGLE.jpg\",\"contentUrl\":\"https:\/\/odemelodique.fr\/wp-content\/uploads\/2022\/10\/Logo-noir-fond-blanc-RECTANGLE.jpg\",\"width\":780,\"height\":468,\"caption\":\"Compagnie Ode M\u00e9lodique\"},\"image\":{\"@id\":\"https:\/\/odemelodique.fr\/#\/schema\/logo\/image\/\"}}]}<\/script>\n<!-- \/ Yoast SEO plugin. -->","yoast_head_json":{"title":"Ateliers de d\u00e9couverte de la musique - Compagnie Ode M\u00e9lodique","robots":{"index":"index","follow":"follow","max-snippet":"max-snippet:-1","max-image-preview":"max-image-preview:large","max-video-preview":"max-video-preview:-1"},"canonical":"https:\/\/odemelodique.fr\/index.php\/stages-ateliers\/ateliers-de-decouverte-de-la-musique\/","og_locale":"fr_FR","og_type":"article","og_title":"Ateliers de d\u00e9couverte de la musique - Compagnie Ode M\u00e9lodique","og_description":"La Cie Ode M\u00e9lodique propose des ateliers de d\u00e9couverte de la musique avant ou apr\u00e8s leur spectacle des 3 contes de la nature. Le temps de quelques minutes ou de&hellip;&nbsp;Lire la suite &raquo;Ateliers de d\u00e9couverte de la musique","og_url":"https:\/\/odemelodique.fr\/index.php\/stages-ateliers\/ateliers-de-decouverte-de-la-musique\/","og_site_name":"Compagnie Ode M\u00e9lodique","article_modified_time":"2024-03-29T15:28:51+00:00","og_image":[{"url":"https:\/\/odemelodique.fr\/wp-content\/uploads\/2024\/03\/6-1024x307.png"}],"twitter_card":"summary_large_image","twitter_misc":{"Dur\u00e9e de lecture estim\u00e9e":"1 minute"},"schema":{"@context":"https:\/\/schema.org","@graph":[{"@type":"WebPage","@id":"https:\/\/odemelodique.fr\/index.php\/stages-ateliers\/ateliers-de-decouverte-de-la-musique\/","url":"https:\/\/odemelodique.fr\/index.php\/stages-ateliers\/ateliers-de-decouverte-de-la-musique\/","name":"Ateliers de d\u00e9couverte de la musique - Compagnie Ode M\u00e9lodique","isPartOf":{"@id":"https:\/\/odemelodique.fr\/#website"},"datePublished":"2024-01-22T16:00:19+00:00","dateModified":"2024-03-29T15:28:51+00:00","breadcrumb":{"@id":"https:\/\/odemelodique.fr\/index.php\/stages-ateliers\/ateliers-de-decouverte-de-la-musique\/#breadcrumb"},"inLanguage":"fr-FR","potentialAction":[{"@type":"ReadAction","target":["https:\/\/odemelodique.fr\/index.php\/stages-ateliers\/ateliers-de-decouverte-de-la-musique\/"]}]},{"@type":"BreadcrumbList","@id":"https:\/\/odemelodique.fr\/index.php\/stages-ateliers\/ateliers-de-decouverte-de-la-musique\/#breadcrumb","itemListElement":[{"@type":"ListItem","position":1,"name":"Accueil","item":"https:\/\/odemelodique.fr\/"},{"@type":"ListItem","position":2,"name":"Stages &#038; ateliers de mediation","item":"https:\/\/odemelodique.fr\/index.php\/stages-ateliers\/"},{"@type":"ListItem","position":3,"name":"Ateliers de d\u00e9couverte de la musique"}]},{"@type":"WebSite","@id":"https:\/\/odemelodique.fr\/#website","url":"https:\/\/odemelodique.fr\/","name":"Compagnie Ode M\u00e9lodique","description":"","publisher":{"@id":"https:\/\/odemelodique.fr\/#organization"},"potentialAction":[{"@type":"SearchAction","target":{"@type":"EntryPoint","urlTemplate":"https:\/\/odemelodique.fr\/?s={search_term_string}"},"query-input":"required name=search_term_string"}],"inLanguage":"fr-FR"},{"@type":"Organization","@id":"https:\/\/odemelodique.fr\/#organization","name":"Compagnie Ode M\u00e9lodique","url":"https:\/\/odemelodique.fr\/","logo":{"@type":"ImageObject","inLanguage":"fr-FR","@id":"https:\/\/odemelodique.fr\/#\/schema\/logo\/image\/","url":"https:\/\/odemelodique.fr\/wp-content\/uploads\/2022\/10\/Logo-noir-fond-blanc-RECTANGLE.jpg","contentUrl":"https:\/\/odemelodique.fr\/wp-content\/uploads\/2022\/10\/Logo-noir-fond-blanc-RECTANGLE.jpg","width":780,"height":468,"caption":"Compagnie Ode M\u00e9lodique"},"image":{"@id":"https:\/\/odemelodique.fr\/#\/schema\/logo\/image\/"}}]}},"_links":{"self":[{"href":"https:\/\/odemelodique.fr\/index.php\/wp-json\/wp\/v2\/pages\/1755","targetHints":{"allow":["GET"]}}],"collection":[{"href":"https:\/\/odemelodique.fr\/index.php\/wp-json\/wp\/v2\/pages"}],"about":[{"href":"https:\/\/odemelodique.fr\/index.php\/wp-json\/wp\/v2\/types\/page"}],"author":[{"embeddable":true,"href":"https:\/\/odemelodique.fr\/index.php\/wp-json\/wp\/v2\/users\/1"}],"replies":[{"embeddable":true,"href":"https:\/\/odemelodique.fr\/index.php\/wp-json\/wp\/v2\/comments?post=1755"}],"version-history":[{"count":3,"href":"https:\/\/odemelodique.fr\/index.php\/wp-json\/wp\/v2\/pages\/1755\/revisions"}],"predecessor-version":[{"id":1868,"href":"https:\/\/odemelodique.fr\/index.php\/wp-json\/wp\/v2\/pages\/1755\/revisions\/1868"}],"up":[{"embeddable":true,"href":"https:\/\/odemelodique.fr\/index.php\/wp-json\/wp\/v2\/pages\/1739"}],"wp:attachment":[{"href":"https:\/\/odemelodique.fr\/index.php\/wp-json\/wp\/v2\/media?parent=1755"}],"curies":[{"name":"wp","href":"https:\/\/api.w.org\/{rel}","templated":true}]}}