{"id":2121,"date":"2025-06-17T13:39:50","date_gmt":"2025-06-17T11:39:50","guid":{"rendered":"https:\/\/odemelodique.fr\/?page_id=2121"},"modified":"2026-03-16T09:31:27","modified_gmt":"2026-03-16T08:31:27","slug":"semaine-allezchante","status":"publish","type":"page","link":"https:\/\/odemelodique.fr\/index.php\/stages-ateliers\/semaine-allezchante\/","title":{"rendered":"Semaine Allez&rsquo;Chante"},"content":{"rendered":"\n<p>Suite au succ\u00e8s des deux premi\u00e8res \u00e9ditions, la Cie Ode M\u00e9lodique et l\u2019association La Voix Est Libre (Lav\u00e9li) organisent \u00e0 nouveau une Semaine Allez\u2019Chante du 19 au 25 juillet 2026 \u00e0 Saint-Symphorien-de-Lay, dans la Loire (42).<\/p>\n\n\n\n<h4 id=\"wp-block-themeisle-blocks-advanced-heading-6b34bcac\" class=\"wp-block-themeisle-blocks-advanced-heading wp-block-themeisle-blocks-advanced-heading-6b34bcac\">Fiche technique<\/h4>\n\n\n\n<div class=\"wp-block-columns is-layout-flex wp-container-core-columns-is-layout-9d6595d7 wp-block-columns-is-layout-flex\">\n<div class=\"wp-block-column is-vertically-aligned-center is-layout-flow wp-block-column-is-layout-flow\">\n<ul class=\"wp-block-list\">\n<li>Toute personne de 0 \u00e0 106 ans<\/li>\n\n\n\n<li>Des stages, des cours de technique vocales, des ateliers, de l&rsquo;\u00e9veil musical, des concerts, des bals : il y en a pour tous les go\u00fbts !<\/li>\n\n\n\n<li>Envie d&rsquo;en savoir plus ? Rendez-vous sur la page de notre partenaire : <a href=\"https:\/\/www.laveli.fr\/nos-projets\/semaine-allezchante-2026\/\" target=\"_blank\" rel=\"noreferrer noopener\">Semaine Allez\u2019Chante 2026 \u2013 Lav\u00e9li<\/a><\/li>\n<\/ul>\n<\/div>\n<\/div>\n\n\n<div class=\"wp-block-image\">\n<figure class=\"aligncenter size-large\"><a href=\"https:\/\/www.laveli.fr\/nos-projets\/semaine-allezchante-2026\/\" target=\"_blank\" rel=\" noreferrer noopener\"><img loading=\"lazy\" decoding=\"async\" width=\"724\" height=\"1024\" src=\"https:\/\/odemelodique.fr\/wp-content\/uploads\/2026\/03\/SAC-2026-affiche-724x1024.png\" alt=\"\" class=\"wp-image-2230\" srcset=\"https:\/\/odemelodique.fr\/wp-content\/uploads\/2026\/03\/SAC-2026-affiche-724x1024.png 724w, https:\/\/odemelodique.fr\/wp-content\/uploads\/2026\/03\/SAC-2026-affiche-212x300.png 212w, https:\/\/odemelodique.fr\/wp-content\/uploads\/2026\/03\/SAC-2026-affiche-768x1086.png 768w, https:\/\/odemelodique.fr\/wp-content\/uploads\/2026\/03\/SAC-2026-affiche-1086x1536.png 1086w, https:\/\/odemelodique.fr\/wp-content\/uploads\/2026\/03\/SAC-2026-affiche.png 1414w\" sizes=\"auto, (max-width: 724px) 100vw, 724px\" \/><\/a><\/figure>\n<\/div>","protected":false},"excerpt":{"rendered":"<p>Suite au succ\u00e8s des deux premi\u00e8res \u00e9ditions, la Cie Ode M\u00e9lodique et l\u2019association La Voix Est Libre (Lav\u00e9li) organisent \u00e0 nouveau une Semaine Allez\u2019Chante du 19 au 25 juillet 2026&hellip;&nbsp;<a href=\"https:\/\/odemelodique.fr\/index.php\/stages-ateliers\/semaine-allezchante\/\" class=\"\" rel=\"bookmark\">Lire la suite &raquo;<span class=\"screen-reader-text\">Semaine Allez&rsquo;Chante<\/span><\/a><\/p>\n","protected":false},"author":1,"featured_media":0,"parent":1739,"menu_order":1,"comment_status":"closed","ping_status":"closed","template":"","meta":{"neve_meta_sidebar":"","neve_meta_container":"","neve_meta_enable_content_width":"","neve_meta_content_width":0,"neve_meta_title_alignment":"","neve_meta_author_avatar":"","neve_post_elements_order":"","neve_meta_disable_header":"","neve_meta_disable_footer":"","neve_meta_disable_title":"","_themeisle_gutenberg_block_has_review":false,"_ti_tpc_template_sync":false,"_ti_tpc_template_id":"","footnotes":""},"class_list":["post-2121","page","type-page","status-publish","hentry"],"yoast_head":"<!-- This site is optimized with the Yoast SEO plugin v20.8 - https:\/\/yoast.com\/wordpress\/plugins\/seo\/ -->\n<title>Semaine Allez&#039;Chante - Compagnie Ode M\u00e9lodique<\/title>\n<meta name=\"robots\" content=\"index, follow, max-snippet:-1, max-image-preview:large, max-video-preview:-1\" \/>\n<link rel=\"canonical\" href=\"https:\/\/odemelodique.fr\/index.php\/stages-ateliers\/semaine-allezchante\/\" \/>\n<meta property=\"og:locale\" content=\"fr_FR\" \/>\n<meta property=\"og:type\" content=\"article\" \/>\n<meta property=\"og:title\" content=\"Semaine Allez&#039;Chante - Compagnie Ode M\u00e9lodique\" \/>\n<meta property=\"og:description\" content=\"Suite au succ\u00e8s des deux premi\u00e8res \u00e9ditions, la Cie Ode M\u00e9lodique et l\u2019association La Voix Est Libre (Lav\u00e9li) organisent \u00e0 nouveau une Semaine Allez\u2019Chante du 19 au 25 juillet 2026&hellip;&nbsp;Lire la suite &raquo;Semaine Allez&rsquo;Chante\" \/>\n<meta property=\"og:url\" content=\"https:\/\/odemelodique.fr\/index.php\/stages-ateliers\/semaine-allezchante\/\" \/>\n<meta property=\"og:site_name\" content=\"Compagnie Ode M\u00e9lodique\" \/>\n<meta property=\"article:modified_time\" content=\"2026-03-16T08:31:27+00:00\" \/>\n<meta property=\"og:image\" content=\"https:\/\/odemelodique.fr\/wp-content\/uploads\/2026\/03\/SAC-2026-affiche-724x1024.png\" \/>\n<meta name=\"twitter:card\" content=\"summary_large_image\" \/>\n<meta name=\"twitter:label1\" content=\"Dur\u00e9e de lecture estim\u00e9e\" \/>\n\t<meta name=\"twitter:data1\" content=\"1 minute\" \/>\n<script type=\"application\/ld+json\" class=\"yoast-schema-graph\">{\"@context\":\"https:\/\/schema.org\",\"@graph\":[{\"@type\":\"WebPage\",\"@id\":\"https:\/\/odemelodique.fr\/index.php\/stages-ateliers\/semaine-allezchante\/\",\"url\":\"https:\/\/odemelodique.fr\/index.php\/stages-ateliers\/semaine-allezchante\/\",\"name\":\"Semaine Allez'Chante - Compagnie Ode M\u00e9lodique\",\"isPartOf\":{\"@id\":\"https:\/\/odemelodique.fr\/#website\"},\"datePublished\":\"2025-06-17T11:39:50+00:00\",\"dateModified\":\"2026-03-16T08:31:27+00:00\",\"breadcrumb\":{\"@id\":\"https:\/\/odemelodique.fr\/index.php\/stages-ateliers\/semaine-allezchante\/#breadcrumb\"},\"inLanguage\":\"fr-FR\",\"potentialAction\":[{\"@type\":\"ReadAction\",\"target\":[\"https:\/\/odemelodique.fr\/index.php\/stages-ateliers\/semaine-allezchante\/\"]}]},{\"@type\":\"BreadcrumbList\",\"@id\":\"https:\/\/odemelodique.fr\/index.php\/stages-ateliers\/semaine-allezchante\/#breadcrumb\",\"itemListElement\":[{\"@type\":\"ListItem\",\"position\":1,\"name\":\"Accueil\",\"item\":\"https:\/\/odemelodique.fr\/\"},{\"@type\":\"ListItem\",\"position\":2,\"name\":\"Stages &#038; ateliers de mediation\",\"item\":\"https:\/\/odemelodique.fr\/index.php\/stages-ateliers\/\"},{\"@type\":\"ListItem\",\"position\":3,\"name\":\"Semaine Allez&rsquo;Chante\"}]},{\"@type\":\"WebSite\",\"@id\":\"https:\/\/odemelodique.fr\/#website\",\"url\":\"https:\/\/odemelodique.fr\/\",\"name\":\"Compagnie Ode M\u00e9lodique\",\"description\":\"\",\"publisher\":{\"@id\":\"https:\/\/odemelodique.fr\/#organization\"},\"potentialAction\":[{\"@type\":\"SearchAction\",\"target\":{\"@type\":\"EntryPoint\",\"urlTemplate\":\"https:\/\/odemelodique.fr\/?s={search_term_string}\"},\"query-input\":\"required name=search_term_string\"}],\"inLanguage\":\"fr-FR\"},{\"@type\":\"Organization\",\"@id\":\"https:\/\/odemelodique.fr\/#organization\",\"name\":\"Compagnie Ode M\u00e9lodique\",\"url\":\"https:\/\/odemelodique.fr\/\",\"logo\":{\"@type\":\"ImageObject\",\"inLanguage\":\"fr-FR\",\"@id\":\"https:\/\/odemelodique.fr\/#\/schema\/logo\/image\/\",\"url\":\"https:\/\/odemelodique.fr\/wp-content\/uploads\/2022\/10\/Logo-noir-fond-blanc-RECTANGLE.jpg\",\"contentUrl\":\"https:\/\/odemelodique.fr\/wp-content\/uploads\/2022\/10\/Logo-noir-fond-blanc-RECTANGLE.jpg\",\"width\":780,\"height\":468,\"caption\":\"Compagnie Ode M\u00e9lodique\"},\"image\":{\"@id\":\"https:\/\/odemelodique.fr\/#\/schema\/logo\/image\/\"}}]}<\/script>\n<!-- \/ Yoast SEO plugin. -->","yoast_head_json":{"title":"Semaine Allez'Chante - Compagnie Ode M\u00e9lodique","robots":{"index":"index","follow":"follow","max-snippet":"max-snippet:-1","max-image-preview":"max-image-preview:large","max-video-preview":"max-video-preview:-1"},"canonical":"https:\/\/odemelodique.fr\/index.php\/stages-ateliers\/semaine-allezchante\/","og_locale":"fr_FR","og_type":"article","og_title":"Semaine Allez'Chante - Compagnie Ode M\u00e9lodique","og_description":"Suite au succ\u00e8s des deux premi\u00e8res \u00e9ditions, la Cie Ode M\u00e9lodique et l\u2019association La Voix Est Libre (Lav\u00e9li) organisent \u00e0 nouveau une Semaine Allez\u2019Chante du 19 au 25 juillet 2026&hellip;&nbsp;Lire la suite &raquo;Semaine Allez&rsquo;Chante","og_url":"https:\/\/odemelodique.fr\/index.php\/stages-ateliers\/semaine-allezchante\/","og_site_name":"Compagnie Ode M\u00e9lodique","article_modified_time":"2026-03-16T08:31:27+00:00","og_image":[{"url":"https:\/\/odemelodique.fr\/wp-content\/uploads\/2026\/03\/SAC-2026-affiche-724x1024.png"}],"twitter_card":"summary_large_image","twitter_misc":{"Dur\u00e9e de lecture estim\u00e9e":"1 minute"},"schema":{"@context":"https:\/\/schema.org","@graph":[{"@type":"WebPage","@id":"https:\/\/odemelodique.fr\/index.php\/stages-ateliers\/semaine-allezchante\/","url":"https:\/\/odemelodique.fr\/index.php\/stages-ateliers\/semaine-allezchante\/","name":"Semaine Allez'Chante - Compagnie Ode M\u00e9lodique","isPartOf":{"@id":"https:\/\/odemelodique.fr\/#website"},"datePublished":"2025-06-17T11:39:50+00:00","dateModified":"2026-03-16T08:31:27+00:00","breadcrumb":{"@id":"https:\/\/odemelodique.fr\/index.php\/stages-ateliers\/semaine-allezchante\/#breadcrumb"},"inLanguage":"fr-FR","potentialAction":[{"@type":"ReadAction","target":["https:\/\/odemelodique.fr\/index.php\/stages-ateliers\/semaine-allezchante\/"]}]},{"@type":"BreadcrumbList","@id":"https:\/\/odemelodique.fr\/index.php\/stages-ateliers\/semaine-allezchante\/#breadcrumb","itemListElement":[{"@type":"ListItem","position":1,"name":"Accueil","item":"https:\/\/odemelodique.fr\/"},{"@type":"ListItem","position":2,"name":"Stages &#038; ateliers de mediation","item":"https:\/\/odemelodique.fr\/index.php\/stages-ateliers\/"},{"@type":"ListItem","position":3,"name":"Semaine Allez&rsquo;Chante"}]},{"@type":"WebSite","@id":"https:\/\/odemelodique.fr\/#website","url":"https:\/\/odemelodique.fr\/","name":"Compagnie Ode M\u00e9lodique","description":"","publisher":{"@id":"https:\/\/odemelodique.fr\/#organization"},"potentialAction":[{"@type":"SearchAction","target":{"@type":"EntryPoint","urlTemplate":"https:\/\/odemelodique.fr\/?s={search_term_string}"},"query-input":"required name=search_term_string"}],"inLanguage":"fr-FR"},{"@type":"Organization","@id":"https:\/\/odemelodique.fr\/#organization","name":"Compagnie Ode M\u00e9lodique","url":"https:\/\/odemelodique.fr\/","logo":{"@type":"ImageObject","inLanguage":"fr-FR","@id":"https:\/\/odemelodique.fr\/#\/schema\/logo\/image\/","url":"https:\/\/odemelodique.fr\/wp-content\/uploads\/2022\/10\/Logo-noir-fond-blanc-RECTANGLE.jpg","contentUrl":"https:\/\/odemelodique.fr\/wp-content\/uploads\/2022\/10\/Logo-noir-fond-blanc-RECTANGLE.jpg","width":780,"height":468,"caption":"Compagnie Ode M\u00e9lodique"},"image":{"@id":"https:\/\/odemelodique.fr\/#\/schema\/logo\/image\/"}}]}},"_links":{"self":[{"href":"https:\/\/odemelodique.fr\/index.php\/wp-json\/wp\/v2\/pages\/2121","targetHints":{"allow":["GET"]}}],"collection":[{"href":"https:\/\/odemelodique.fr\/index.php\/wp-json\/wp\/v2\/pages"}],"about":[{"href":"https:\/\/odemelodique.fr\/index.php\/wp-json\/wp\/v2\/types\/page"}],"author":[{"embeddable":true,"href":"https:\/\/odemelodique.fr\/index.php\/wp-json\/wp\/v2\/users\/1"}],"replies":[{"embeddable":true,"href":"https:\/\/odemelodique.fr\/index.php\/wp-json\/wp\/v2\/comments?post=2121"}],"version-history":[{"count":4,"href":"https:\/\/odemelodique.fr\/index.php\/wp-json\/wp\/v2\/pages\/2121\/revisions"}],"predecessor-version":[{"id":2231,"href":"https:\/\/odemelodique.fr\/index.php\/wp-json\/wp\/v2\/pages\/2121\/revisions\/2231"}],"up":[{"embeddable":true,"href":"https:\/\/odemelodique.fr\/index.php\/wp-json\/wp\/v2\/pages\/1739"}],"wp:attachment":[{"href":"https:\/\/odemelodique.fr\/index.php\/wp-json\/wp\/v2\/media?parent=2121"}],"curies":[{"name":"wp","href":"https:\/\/api.w.org\/{rel}","templated":true}]}}