{"id":224,"date":"2020-03-27T12:58:53","date_gmt":"2020-03-27T11:58:53","guid":{"rendered":"http:\/\/localhost\/projects\/Neve-music-band\/?page_id=224"},"modified":"2026-04-21T16:20:30","modified_gmt":"2026-04-21T14:20:30","slug":"equipe","status":"publish","type":"page","link":"https:\/\/odemelodique.fr\/index.php\/equipe\/","title":{"rendered":"Equipe"},"content":{"rendered":"\n<div id=\"wp-block-themeisle-blocks-advanced-columns-6724e485\" class=\"wp-block-themeisle-blocks-advanced-columns alignfull has-1-columns has-desktop-equal-layout has-tablet-equal-layout has-mobile-equal-layout has-vertical-center\"><div class=\"wp-block-themeisle-blocks-advanced-columns-overlay\"><\/div><div class=\"innerblocks-wrap\">\n<div id=\"wp-block-themeisle-blocks-advanced-column-0547e8cd\" class=\"wp-block-themeisle-blocks-advanced-column\">\n<h1 id=\"wp-block-themeisle-blocks-advanced-heading-5e26fe64\" class=\"wp-block-themeisle-blocks-advanced-heading wp-block-themeisle-blocks-advanced-heading-5e26fe64\">Sur Sc\u00e8ne<\/h1>\n<\/div>\n<\/div><\/div>\n\n\n\n<div id=\"wp-block-themeisle-blocks-advanced-columns-b604c027\" class=\"wp-block-themeisle-blocks-advanced-columns alignwide has-1-columns has-desktop-equal-layout has-tablet-equal-layout has-mobile-equal-layout has-vertical-unset\"><div class=\"wp-block-themeisle-blocks-advanced-columns-overlay\"><\/div><div class=\"innerblocks-wrap\">\n<div id=\"wp-block-themeisle-blocks-advanced-column-baf73c36\" class=\"wp-block-themeisle-blocks-advanced-column\">\n<p id=\"wp-block-themeisle-blocks-advanced-heading-43f64fdb\" class=\"wp-block-themeisle-blocks-advanced-heading wp-block-themeisle-blocks-advanced-heading-43f64fdb\">La Compagnie Ode M\u00e9lodique, c&rsquo;est tout d&rsquo;abord deux artistes &#8211; <strong>Elodie REDON<\/strong> &amp; <strong>Maude GEORGES<\/strong> &#8211; qui se sont rencontr\u00e9es en cours de danse \u00e0 la Haute Ecole de Musique de Gen\u00e8ve. Elles sont rejointes en 2023 par <strong>C\u00e9cile RENZI-PACOUREAU<\/strong>.<\/p>\n<\/div>\n<\/div><\/div>\n\n\n\n<div id=\"wp-block-themeisle-blocks-advanced-columns-aa270b4d\" class=\"wp-block-themeisle-blocks-advanced-columns alignfull has-3-columns has-desktop-equal-layout has-tablet-equal-layout has-mobile-collapsedRows-layout has-vertical-unset\"><div class=\"wp-block-themeisle-blocks-advanced-columns-overlay\"><\/div><div class=\"innerblocks-wrap\">\n<div id=\"wp-block-themeisle-blocks-advanced-column-6cd00257\" class=\"wp-block-themeisle-blocks-advanced-column\"><div class=\"wp-block-image\">\n<figure class=\"aligncenter size-large is-resized\"><img loading=\"lazy\" decoding=\"async\" width=\"724\" height=\"1024\" src=\"https:\/\/odemelodique.fr\/wp-content\/uploads\/2023\/12\/Cecile-724x1024.png\" alt=\"\" class=\"wp-image-1393\" style=\"aspect-ratio:1;object-fit:contain;width:350px\" srcset=\"https:\/\/odemelodique.fr\/wp-content\/uploads\/2023\/12\/Cecile-724x1024.png 724w, https:\/\/odemelodique.fr\/wp-content\/uploads\/2023\/12\/Cecile-212x300.png 212w, https:\/\/odemelodique.fr\/wp-content\/uploads\/2023\/12\/Cecile-768x1086.png 768w, https:\/\/odemelodique.fr\/wp-content\/uploads\/2023\/12\/Cecile-1086x1536.png 1086w\" sizes=\"auto, (max-width: 724px) 100vw, 724px\" \/><\/figure>\n<\/div>\n\n\n<h3 id=\"wp-block-themeisle-blocks-advanced-heading-9464301f\" class=\"wp-block-themeisle-blocks-advanced-heading wp-block-themeisle-blocks-advanced-heading-9464301f\">C\u00e9cile RENZI-Pacoureau<\/h3>\n\n\n\n<p class=\"has-text-align-center has-small-font-size\">Guitariste<\/p>\n\n\n\n<p class=\"has-text-align-center\">C\u00e9cile Renzi-Pacoureau est professeure de guitare au Conservatoire Populaire de Musique, Danse et Th\u00e9\u00e2tre de Gen\u00e8ve. Elle y propose un enseignement orient\u00e9 autour de l\u2019\u00e9panouissement des \u00e9l\u00e8ves, du d\u00e9veloppement de leur esprit critique et de leur intelligence \u00e9motionnelle.<\/p>\n\n\n\n<div class=\"wp-block-buttons is-content-justification-center is-layout-flex wp-container-core-buttons-is-layout-16018d1d wp-block-buttons-is-layout-flex\">\n<div class=\"wp-block-button\"><a class=\"wp-block-button__link wp-element-button\" href=\"https:\/\/odemelodique.fr\/index.php\/equipe\/cecile-renzi-pacoureau\/\">En savoir plus<\/a><\/div>\n<\/div>\n<\/div>\n\n\n\n<div id=\"wp-block-themeisle-blocks-advanced-column-1d7718a5\" class=\"wp-block-themeisle-blocks-advanced-column\"><div class=\"wp-block-image\">\n<figure class=\"aligncenter size-full is-resized\"><img loading=\"lazy\" decoding=\"async\" width=\"4961\" height=\"7016\" src=\"https:\/\/odemelodique.fr\/wp-content\/uploads\/2023\/12\/Elodie-1.png\" alt=\"\" class=\"wp-image-1391\" style=\"aspect-ratio:1;object-fit:contain;width:350px\" srcset=\"https:\/\/odemelodique.fr\/wp-content\/uploads\/2023\/12\/Elodie-1.png 4961w, https:\/\/odemelodique.fr\/wp-content\/uploads\/2023\/12\/Elodie-1-212x300.png 212w, https:\/\/odemelodique.fr\/wp-content\/uploads\/2023\/12\/Elodie-1-724x1024.png 724w, https:\/\/odemelodique.fr\/wp-content\/uploads\/2023\/12\/Elodie-1-768x1086.png 768w, https:\/\/odemelodique.fr\/wp-content\/uploads\/2023\/12\/Elodie-1-1086x1536.png 1086w\" sizes=\"auto, (max-width: 4961px) 100vw, 4961px\" \/><\/figure>\n<\/div>\n\n\n<h3 id=\"wp-block-themeisle-blocks-advanced-heading-01e7b3cd\" class=\"wp-block-themeisle-blocks-advanced-heading wp-block-themeisle-blocks-advanced-heading-01e7b3cd\">Elodie DIATTA-REDON <\/h3>\n\n\n\n<p class=\"has-text-align-center has-small-font-size\">Guitariste<\/p>\n\n\n\n<p class=\"has-text-align-center\">Elodie Redon est professeure de guitare au Conservatoire Populaire de Musique, Danse et Th\u00e9\u00e2tre de Gen\u00e8ve. Elle y d\u00e9veloppe une p\u00e9dagogie bas\u00e9e sur le plaisir de jouer, les r\u00e9alisations collectives et une exigence technique respectueuse du corps de chacun.<\/p>\n\n\n\n<div class=\"wp-block-buttons is-content-justification-center is-layout-flex wp-container-core-buttons-is-layout-16018d1d wp-block-buttons-is-layout-flex\">\n<div class=\"wp-block-button\"><a class=\"wp-block-button__link wp-element-button\" href=\"https:\/\/odemelodique.fr\/index.php\/equipe\/elodie-redon\/\">En savoir plus<\/a><\/div>\n<\/div>\n<\/div>\n\n\n\n<div id=\"wp-block-themeisle-blocks-advanced-column-e4e549b9\" class=\"wp-block-themeisle-blocks-advanced-column\"><div class=\"wp-block-image\">\n<figure class=\"aligncenter size-full is-resized\"><img loading=\"lazy\" decoding=\"async\" width=\"4961\" height=\"7016\" src=\"https:\/\/odemelodique.fr\/wp-content\/uploads\/2023\/12\/Maude.png\" alt=\"\" class=\"wp-image-1392\" style=\"aspect-ratio:1;object-fit:contain;width:350px\" srcset=\"https:\/\/odemelodique.fr\/wp-content\/uploads\/2023\/12\/Maude.png 4961w, https:\/\/odemelodique.fr\/wp-content\/uploads\/2023\/12\/Maude-212x300.png 212w, https:\/\/odemelodique.fr\/wp-content\/uploads\/2023\/12\/Maude-724x1024.png 724w, https:\/\/odemelodique.fr\/wp-content\/uploads\/2023\/12\/Maude-768x1086.png 768w, https:\/\/odemelodique.fr\/wp-content\/uploads\/2023\/12\/Maude-1086x1536.png 1086w\" sizes=\"auto, (max-width: 4961px) 100vw, 4961px\" \/><\/figure>\n<\/div>\n\n\n<h3 id=\"wp-block-themeisle-blocks-advanced-heading-e91835c9\" class=\"wp-block-themeisle-blocks-advanced-heading wp-block-themeisle-blocks-advanced-heading-e91835c9\">Maude GEORGES<\/h3>\n\n\n\n<p class=\"has-text-align-center has-small-font-size\">Chanteuse lyrique<\/p>\n\n\n\n<p class=\"has-text-align-center\">Maude Georges est cheffe de ch\u0153ur au sein de La Voix Est Libre (Lav\u00e9li), De Thou Ch\u0153ur, du Programme D\u00e9mos (Auditorium de Lyon) et est chanteuse. Pour elle la musique est partage, joie, humanit\u00e9, convivialit\u00e9, espoir et pr\u00e9texte \u00e0 tous les apprentissages.<\/p>\n\n\n\n<div class=\"wp-block-buttons is-content-justification-center is-layout-flex wp-container-core-buttons-is-layout-16018d1d wp-block-buttons-is-layout-flex\">\n<div class=\"wp-block-button\"><a class=\"wp-block-button__link wp-element-button\" href=\"https:\/\/odemelodique.fr\/index.php\/equipe\/maude-georges\/\">En savoir plus<\/a><\/div>\n<\/div>\n<\/div>\n<\/div><\/div>\n\n\n\n<div id=\"wp-block-themeisle-blocks-advanced-columns-90f6666d\" class=\"wp-block-themeisle-blocks-advanced-columns alignfull has-1-columns has-desktop-equal-layout has-tablet-equal-layout has-mobile-equal-layout has-vertical-center\"><div class=\"wp-block-themeisle-blocks-advanced-columns-overlay\"><\/div><div class=\"innerblocks-wrap\">\n<div id=\"wp-block-themeisle-blocks-advanced-column-34ae4235\" class=\"wp-block-themeisle-blocks-advanced-column\">\n<h1 id=\"wp-block-themeisle-blocks-advanced-heading-ad7ddf70\" class=\"wp-block-themeisle-blocks-advanced-heading wp-block-themeisle-blocks-advanced-heading-ad7ddf70\">Et en coulisse !<\/h1>\n<\/div>\n<\/div><\/div>\n\n\n\n<div id=\"wp-block-themeisle-blocks-advanced-columns-ccd92433\" class=\"wp-block-themeisle-blocks-advanced-columns alignfull has-5-columns has-desktop-equal-layout has-tablet-equal-layout has-mobile-collapsedRows-layout has-vertical-unset\"><div class=\"wp-block-themeisle-blocks-advanced-columns-overlay\"><\/div><div class=\"innerblocks-wrap\">\n<div id=\"wp-block-themeisle-blocks-advanced-column-59ec2ed2\" class=\"wp-block-themeisle-blocks-advanced-column\"><\/div>\n\n\n\n<div id=\"wp-block-themeisle-blocks-advanced-column-4580701d\" class=\"wp-block-themeisle-blocks-advanced-column\"><div class=\"wp-block-image is-style-default\">\n<figure class=\"aligncenter size-full is-resized\"><img loading=\"lazy\" decoding=\"async\" width=\"4961\" height=\"5436\" src=\"https:\/\/odemelodique.fr\/wp-content\/uploads\/2023\/12\/Emmanuelle-2.png\" alt=\"\" class=\"wp-image-1396\" style=\"width:200px\" srcset=\"https:\/\/odemelodique.fr\/wp-content\/uploads\/2023\/12\/Emmanuelle-2.png 4961w, https:\/\/odemelodique.fr\/wp-content\/uploads\/2023\/12\/Emmanuelle-2-274x300.png 274w, https:\/\/odemelodique.fr\/wp-content\/uploads\/2023\/12\/Emmanuelle-2-935x1024.png 935w, https:\/\/odemelodique.fr\/wp-content\/uploads\/2023\/12\/Emmanuelle-2-768x842.png 768w, https:\/\/odemelodique.fr\/wp-content\/uploads\/2023\/12\/Emmanuelle-2-1402x1536.png 1402w, https:\/\/odemelodique.fr\/wp-content\/uploads\/2023\/12\/Emmanuelle-2-1869x2048.png 1869w\" sizes=\"auto, (max-width: 4961px) 100vw, 4961px\" \/><\/figure>\n<\/div>\n\n\n<h3 id=\"wp-block-themeisle-blocks-advanced-heading-13d227da\" class=\"wp-block-themeisle-blocks-advanced-heading wp-block-themeisle-blocks-advanced-heading-13d227da\">EMMANUELLE GOUIARD<\/h3>\n\n\n\n<p class=\"has-text-align-center has-small-font-size\">Chor\u00e9graphe<\/p>\n\n\n\n<p>Les artistes, il y en a sur sc\u00e8ne, et il y en a cach\u00e9s en coulisse! C&rsquo;est le cas d&rsquo;<strong>Emmanuelle GOUIARD<\/strong> qui, danseuse de formation et grande p\u00e9dagogue, exerce dans la compagnie Ode M\u00e9lodique le r\u00f4le de chor\u00e9graphe et s&rsquo;occupe de la mise en corps d&rsquo;El Amor Brujo.<\/p>\n\n\n\n<div class=\"wp-block-buttons is-content-justification-center is-layout-flex wp-container-core-buttons-is-layout-16018d1d wp-block-buttons-is-layout-flex\">\n<div class=\"wp-block-button\"><a class=\"wp-block-button__link wp-element-button\" href=\"https:\/\/odemelodique.fr\/index.php\/equipe\/emmanuelle-gouiard\/\">En savoir plus<\/a><\/div>\n<\/div>\n<\/div>\n\n\n\n<div id=\"wp-block-themeisle-blocks-advanced-column-9c9b5bf4\" class=\"wp-block-themeisle-blocks-advanced-column\"><\/div>\n\n\n\n<div id=\"wp-block-themeisle-blocks-advanced-column-fb708e97\" class=\"wp-block-themeisle-blocks-advanced-column\"><div class=\"wp-block-image is-style-default\">\n<figure class=\"aligncenter size-full is-resized\"><img loading=\"lazy\" decoding=\"async\" width=\"795\" height=\"877\" src=\"https:\/\/odemelodique.fr\/wp-content\/uploads\/2023\/12\/Apolline.png\" alt=\"\" class=\"wp-image-1407\" style=\"width:200px\" srcset=\"https:\/\/odemelodique.fr\/wp-content\/uploads\/2023\/12\/Apolline.png 795w, https:\/\/odemelodique.fr\/wp-content\/uploads\/2023\/12\/Apolline-272x300.png 272w, https:\/\/odemelodique.fr\/wp-content\/uploads\/2023\/12\/Apolline-768x847.png 768w\" sizes=\"auto, (max-width: 795px) 100vw, 795px\" \/><\/figure>\n<\/div>\n\n\n<h3 id=\"wp-block-themeisle-blocks-advanced-heading-3bd6b2ed\" class=\"wp-block-themeisle-blocks-advanced-heading wp-block-themeisle-blocks-advanced-heading-3bd6b2ed\">Apolline REYDELLET<\/h3>\n\n\n\n<p class=\"has-text-align-center has-small-font-size\">Administratrice<\/p>\n\n\n\n<p>Si l&rsquo;artistique est au c\u0153ur de Ode M\u00e9lodique, l&rsquo;organisation logistique et les d\u00e9marches administratives sont aussi n\u00e9cessaires au bon fonctionnement de la structure. Alors pour soutenir la compagnie dans son d\u00e9veloppement, <strong>Apolline REYDELLET<\/strong> est de l&rsquo;\u00e9quipe !<\/p>\n\n\n\n<div class=\"wp-block-buttons is-content-justification-center is-layout-flex wp-container-core-buttons-is-layout-16018d1d wp-block-buttons-is-layout-flex\">\n<div class=\"wp-block-button\"><a class=\"wp-block-button__link wp-element-button\" href=\"https:\/\/odemelodique.fr\/index.php\/equipe\/apolline-reydellet\/\">En savoir plus<\/a><\/div>\n<\/div>\n<\/div>\n\n\n\n<div id=\"wp-block-themeisle-blocks-advanced-column-8d4ea65e\" class=\"wp-block-themeisle-blocks-advanced-column\"><\/div>\n<\/div><\/div>\n","protected":false},"excerpt":{"rendered":"","protected":false},"author":1,"featured_media":0,"parent":0,"menu_order":0,"comment_status":"closed","ping_status":"closed","template":"page-templates\/template-pagebuilder-full-width.php","meta":{"neve_meta_sidebar":"full-width","neve_meta_container":"","neve_meta_enable_content_width":"on","neve_meta_content_width":100,"neve_meta_title_alignment":"","neve_meta_author_avatar":"","neve_post_elements_order":"","neve_meta_disable_header":"","neve_meta_disable_footer":"","neve_meta_disable_title":"","_themeisle_gutenberg_block_has_review":false,"_ti_tpc_template_sync":false,"_ti_tpc_template_id":"9jn27fnjswdma3kyycoq","footnotes":""},"class_list":["post-224","page","type-page","status-publish","hentry"],"yoast_head":"<!-- This site is optimized with the Yoast SEO plugin v20.8 - https:\/\/yoast.com\/wordpress\/plugins\/seo\/ -->\n<title>Equipe - Compagnie Ode M\u00e9lodique<\/title>\n<meta name=\"robots\" content=\"index, follow, max-snippet:-1, max-image-preview:large, max-video-preview:-1\" \/>\n<link rel=\"canonical\" href=\"https:\/\/odemelodique.fr\/index.php\/equipe\/\" \/>\n<meta property=\"og:locale\" content=\"fr_FR\" \/>\n<meta property=\"og:type\" content=\"article\" \/>\n<meta property=\"og:title\" content=\"Equipe - Compagnie Ode M\u00e9lodique\" \/>\n<meta property=\"og:url\" content=\"https:\/\/odemelodique.fr\/index.php\/equipe\/\" \/>\n<meta property=\"og:site_name\" content=\"Compagnie Ode M\u00e9lodique\" \/>\n<meta property=\"article:modified_time\" content=\"2026-04-21T14:20:30+00:00\" \/>\n<meta property=\"og:image\" content=\"https:\/\/odemelodique.fr\/wp-content\/uploads\/2023\/12\/Cecile-724x1024.png\" \/>\n<meta name=\"twitter:card\" content=\"summary_large_image\" \/>\n<meta name=\"twitter:label1\" content=\"Dur\u00e9e de lecture estim\u00e9e\" \/>\n\t<meta name=\"twitter:data1\" content=\"3 minutes\" \/>\n<script type=\"application\/ld+json\" class=\"yoast-schema-graph\">{\"@context\":\"https:\/\/schema.org\",\"@graph\":[{\"@type\":\"WebPage\",\"@id\":\"https:\/\/odemelodique.fr\/index.php\/equipe\/\",\"url\":\"https:\/\/odemelodique.fr\/index.php\/equipe\/\",\"name\":\"Equipe - Compagnie Ode M\u00e9lodique\",\"isPartOf\":{\"@id\":\"https:\/\/odemelodique.fr\/#website\"},\"datePublished\":\"2020-03-27T11:58:53+00:00\",\"dateModified\":\"2026-04-21T14:20:30+00:00\",\"breadcrumb\":{\"@id\":\"https:\/\/odemelodique.fr\/index.php\/equipe\/#breadcrumb\"},\"inLanguage\":\"fr-FR\",\"potentialAction\":[{\"@type\":\"ReadAction\",\"target\":[\"https:\/\/odemelodique.fr\/index.php\/equipe\/\"]}]},{\"@type\":\"BreadcrumbList\",\"@id\":\"https:\/\/odemelodique.fr\/index.php\/equipe\/#breadcrumb\",\"itemListElement\":[{\"@type\":\"ListItem\",\"position\":1,\"name\":\"Accueil\",\"item\":\"https:\/\/odemelodique.fr\/\"},{\"@type\":\"ListItem\",\"position\":2,\"name\":\"Equipe\"}]},{\"@type\":\"WebSite\",\"@id\":\"https:\/\/odemelodique.fr\/#website\",\"url\":\"https:\/\/odemelodique.fr\/\",\"name\":\"Compagnie Ode M\u00e9lodique\",\"description\":\"\",\"publisher\":{\"@id\":\"https:\/\/odemelodique.fr\/#organization\"},\"potentialAction\":[{\"@type\":\"SearchAction\",\"target\":{\"@type\":\"EntryPoint\",\"urlTemplate\":\"https:\/\/odemelodique.fr\/?s={search_term_string}\"},\"query-input\":\"required name=search_term_string\"}],\"inLanguage\":\"fr-FR\"},{\"@type\":\"Organization\",\"@id\":\"https:\/\/odemelodique.fr\/#organization\",\"name\":\"Compagnie Ode M\u00e9lodique\",\"url\":\"https:\/\/odemelodique.fr\/\",\"logo\":{\"@type\":\"ImageObject\",\"inLanguage\":\"fr-FR\",\"@id\":\"https:\/\/odemelodique.fr\/#\/schema\/logo\/image\/\",\"url\":\"https:\/\/odemelodique.fr\/wp-content\/uploads\/2022\/10\/Logo-noir-fond-blanc-RECTANGLE.jpg\",\"contentUrl\":\"https:\/\/odemelodique.fr\/wp-content\/uploads\/2022\/10\/Logo-noir-fond-blanc-RECTANGLE.jpg\",\"width\":780,\"height\":468,\"caption\":\"Compagnie Ode M\u00e9lodique\"},\"image\":{\"@id\":\"https:\/\/odemelodique.fr\/#\/schema\/logo\/image\/\"}}]}<\/script>\n<!-- \/ Yoast SEO plugin. -->","yoast_head_json":{"title":"Equipe - Compagnie Ode M\u00e9lodique","robots":{"index":"index","follow":"follow","max-snippet":"max-snippet:-1","max-image-preview":"max-image-preview:large","max-video-preview":"max-video-preview:-1"},"canonical":"https:\/\/odemelodique.fr\/index.php\/equipe\/","og_locale":"fr_FR","og_type":"article","og_title":"Equipe - Compagnie Ode M\u00e9lodique","og_url":"https:\/\/odemelodique.fr\/index.php\/equipe\/","og_site_name":"Compagnie Ode M\u00e9lodique","article_modified_time":"2026-04-21T14:20:30+00:00","og_image":[{"url":"https:\/\/odemelodique.fr\/wp-content\/uploads\/2023\/12\/Cecile-724x1024.png"}],"twitter_card":"summary_large_image","twitter_misc":{"Dur\u00e9e de lecture estim\u00e9e":"3 minutes"},"schema":{"@context":"https:\/\/schema.org","@graph":[{"@type":"WebPage","@id":"https:\/\/odemelodique.fr\/index.php\/equipe\/","url":"https:\/\/odemelodique.fr\/index.php\/equipe\/","name":"Equipe - Compagnie Ode M\u00e9lodique","isPartOf":{"@id":"https:\/\/odemelodique.fr\/#website"},"datePublished":"2020-03-27T11:58:53+00:00","dateModified":"2026-04-21T14:20:30+00:00","breadcrumb":{"@id":"https:\/\/odemelodique.fr\/index.php\/equipe\/#breadcrumb"},"inLanguage":"fr-FR","potentialAction":[{"@type":"ReadAction","target":["https:\/\/odemelodique.fr\/index.php\/equipe\/"]}]},{"@type":"BreadcrumbList","@id":"https:\/\/odemelodique.fr\/index.php\/equipe\/#breadcrumb","itemListElement":[{"@type":"ListItem","position":1,"name":"Accueil","item":"https:\/\/odemelodique.fr\/"},{"@type":"ListItem","position":2,"name":"Equipe"}]},{"@type":"WebSite","@id":"https:\/\/odemelodique.fr\/#website","url":"https:\/\/odemelodique.fr\/","name":"Compagnie Ode M\u00e9lodique","description":"","publisher":{"@id":"https:\/\/odemelodique.fr\/#organization"},"potentialAction":[{"@type":"SearchAction","target":{"@type":"EntryPoint","urlTemplate":"https:\/\/odemelodique.fr\/?s={search_term_string}"},"query-input":"required name=search_term_string"}],"inLanguage":"fr-FR"},{"@type":"Organization","@id":"https:\/\/odemelodique.fr\/#organization","name":"Compagnie Ode M\u00e9lodique","url":"https:\/\/odemelodique.fr\/","logo":{"@type":"ImageObject","inLanguage":"fr-FR","@id":"https:\/\/odemelodique.fr\/#\/schema\/logo\/image\/","url":"https:\/\/odemelodique.fr\/wp-content\/uploads\/2022\/10\/Logo-noir-fond-blanc-RECTANGLE.jpg","contentUrl":"https:\/\/odemelodique.fr\/wp-content\/uploads\/2022\/10\/Logo-noir-fond-blanc-RECTANGLE.jpg","width":780,"height":468,"caption":"Compagnie Ode M\u00e9lodique"},"image":{"@id":"https:\/\/odemelodique.fr\/#\/schema\/logo\/image\/"}}]}},"_links":{"self":[{"href":"https:\/\/odemelodique.fr\/index.php\/wp-json\/wp\/v2\/pages\/224","targetHints":{"allow":["GET"]}}],"collection":[{"href":"https:\/\/odemelodique.fr\/index.php\/wp-json\/wp\/v2\/pages"}],"about":[{"href":"https:\/\/odemelodique.fr\/index.php\/wp-json\/wp\/v2\/types\/page"}],"author":[{"embeddable":true,"href":"https:\/\/odemelodique.fr\/index.php\/wp-json\/wp\/v2\/users\/1"}],"replies":[{"embeddable":true,"href":"https:\/\/odemelodique.fr\/index.php\/wp-json\/wp\/v2\/comments?post=224"}],"version-history":[{"count":35,"href":"https:\/\/odemelodique.fr\/index.php\/wp-json\/wp\/v2\/pages\/224\/revisions"}],"predecessor-version":[{"id":2251,"href":"https:\/\/odemelodique.fr\/index.php\/wp-json\/wp\/v2\/pages\/224\/revisions\/2251"}],"wp:attachment":[{"href":"https:\/\/odemelodique.fr\/index.php\/wp-json\/wp\/v2\/media?parent=224"}],"curies":[{"name":"wp","href":"https:\/\/api.w.org\/{rel}","templated":true}]}}