{"id":365,"date":"2020-03-28T13:57:22","date_gmt":"2020-03-28T13:57:22","guid":{"rendered":"http:\/\/localhost\/projects\/Neve-music-band\/?page_id=365"},"modified":"2024-05-27T17:13:06","modified_gmt":"2024-05-27T15:13:06","slug":"b56e6-contact","status":"publish","type":"page","link":"https:\/\/odemelodique.fr\/index.php\/b56e6-contact\/","title":{"rendered":"Contact"},"content":{"rendered":"\n<div id=\"wp-block-themeisle-blocks-advanced-columns-286145c0\" class=\"wp-block-themeisle-blocks-advanced-columns alignfull has-2-columns has-desktop-equal-layout has-tablet-equal-layout has-mobile-collapsedRows-layout has-vertical-unset\"><div class=\"wp-block-themeisle-blocks-advanced-columns-overlay\"><\/div><div class=\"innerblocks-wrap\">\n<div id=\"wp-block-themeisle-blocks-advanced-column-0b6a6a9a\" class=\"wp-block-themeisle-blocks-advanced-column has-light-bg\">\n<h4 id=\"wp-block-themeisle-blocks-advanced-heading-1edfbbc6\" class=\"wp-block-themeisle-blocks-advanced-heading wp-block-themeisle-blocks-advanced-heading-1edfbbc6\"><\/h4>\n\n\n\n<h2 id=\"wp-block-themeisle-blocks-advanced-heading-1c862b4f\" class=\"wp-block-themeisle-blocks-advanced-heading wp-block-themeisle-blocks-advanced-heading-1c862b4f\">Envoyez-nous un message! <\/h2>\n\n\n\n<p id=\"wp-block-themeisle-blocks-advanced-heading-aa19cea9\" class=\"wp-block-themeisle-blocks-advanced-heading wp-block-themeisle-blocks-advanced-heading-aa19cea9\">Vous souhaitez en savoir plus sur notre travail ? Nous programmer ? Mettre en place un nouveau partenariat ? Simplement nous faire un coucou ?<br>Cette page est faite pour vous !<\/p>\n\n\n\n<h2 id=\"wp-block-themeisle-blocks-advanced-heading-ee2d4d81\" class=\"wp-block-themeisle-blocks-advanced-heading wp-block-themeisle-blocks-advanced-heading-ee2d4d81\">Suivez toutes nos activt\u00e9s ! <\/h2>\n\n\n\n<p id=\"wp-block-themeisle-blocks-advanced-heading-ad97e397\" class=\"wp-block-themeisle-blocks-advanced-heading wp-block-themeisle-blocks-advanced-heading-ad97e397\">Si vous souhaitez \u00eatre tenu au courant de nos activit\u00e9s, inscrivez-vous \u00e0 notre newsletter !<\/p>\n\n\n\n<p><\/p>\n\n\n\n<div class=\"wp-block-buttons is-content-justification-center is-layout-flex wp-container-core-buttons-is-layout-16018d1d wp-block-buttons-is-layout-flex\">\n<div class=\"wp-block-button\"><a class=\"wp-block-button__link wp-element-button\" href=\"http:\/\/eepurl.com\/iQMSR-\/\">S&rsquo;inscrire \u00e0 la newsletter<\/a><\/div>\n<\/div>\n\n\n\n<p><\/p>\n\n\n\n<h3 id=\"wp-block-themeisle-blocks-advanced-heading-e5f5ded7\" class=\"wp-block-themeisle-blocks-advanced-heading wp-block-themeisle-blocks-advanced-heading-e5f5ded7\">Vous pouvez \u00e9galement nous suivre sur Facebook<\/h3>\n\n\n<div class=\"wp-block-image is-resized\">\n<figure class=\"aligncenter size-large\"><a href=\"\/\/www.facebook.com\/CieOdeMelodique\" target=\"_blank\" rel=\"noreferrer noopener\"><img loading=\"lazy\" decoding=\"async\" width=\"1024\" height=\"1024\" src=\"https:\/\/odemelodique.fr\/wp-content\/uploads\/2023\/03\/f_logo_RGB-Blue_1024-1024x1024.png\" alt=\"\" class=\"wp-image-1102\" style=\"width:200px\" srcset=\"https:\/\/odemelodique.fr\/wp-content\/uploads\/2023\/03\/f_logo_RGB-Blue_1024-1024x1024.png 1024w, https:\/\/odemelodique.fr\/wp-content\/uploads\/2023\/03\/f_logo_RGB-Blue_1024-300x300.png 300w, https:\/\/odemelodique.fr\/wp-content\/uploads\/2023\/03\/f_logo_RGB-Blue_1024-150x150.png 150w, https:\/\/odemelodique.fr\/wp-content\/uploads\/2023\/03\/f_logo_RGB-Blue_1024-768x768.png 768w, https:\/\/odemelodique.fr\/wp-content\/uploads\/2023\/03\/f_logo_RGB-Blue_1024-1536x1536.png 1536w, https:\/\/odemelodique.fr\/wp-content\/uploads\/2023\/03\/f_logo_RGB-Blue_1024.png 1600w\" sizes=\"auto, (max-width: 1024px) 100vw, 1024px\" \/><\/a><\/figure>\n<\/div>\n\n\n<p> <\/p>\n<\/div>\n\n\n\n<div id=\"wp-block-themeisle-blocks-advanced-column-d4d94ee1\" class=\"wp-block-themeisle-blocks-advanced-column has-light-bg\">\n<div id=\"wp-block-themeisle-blocks-form-d86137d7\" class=\"wp-block-themeisle-blocks-form ticss-d86137d7\" data-option-name=\"bf9b28ff82ce323187abc5d0feb0d8f07ecd8436_d86137d7\"><form class=\"otter-form__container\">\n<div id=\"wp-block-themeisle-blocks-form-input-8825b153\" class=\"wp-block-themeisle-blocks-form-input\"><label for=\"wp-block-themeisle-blocks-form-input-8825b153-input\" class=\"otter-form-input-label\"><span class=\"otter-form-input-label__label\">Nom<\/span><span class=\"required\">*<\/span><\/label><input type=\"text\" id=\"wp-block-themeisle-blocks-form-input-8825b153-input\" required placeholder=\"Votre nom\" class=\"otter-form-input\"\/><\/div>\n\n\n\n<div id=\"wp-block-themeisle-blocks-form-input-dddeec5c\" class=\"wp-block-themeisle-blocks-form-input\"><label for=\"wp-block-themeisle-blocks-form-input-dddeec5c-input\" class=\"otter-form-input-label\"><span class=\"otter-form-input-label__label\">Email<\/span><span class=\"required\">*<\/span><\/label><input type=\"email\" id=\"wp-block-themeisle-blocks-form-input-dddeec5c-input\" required placeholder=\"Votre adresse mail\" class=\"otter-form-input\"\/><\/div>\n\n\n\n<div id=\"wp-block-themeisle-blocks-form-textarea-a737bd80\" class=\"wp-block-themeisle-blocks-form-textarea\"><label for=\"wp-block-themeisle-blocks-form-textarea-a737bd80-input\" class=\"otter-form-textarea-label\"><span class=\"otter-form-textarea-label__label\">Message<\/span><\/label><textarea id=\"wp-block-themeisle-blocks-form-textarea-a737bd80-input\" placeholder=\"Votre message\" rows=\"10\" class=\"otter-form-textarea-input\"><\/textarea><\/div>\n\n\n<div class=\"protection\" aria-hidden=\"true\"><input type=\"hidden\" id=\"wp-block-themeisle-blocks-form-d86137d7_nonce_field\" name=\"wp-block-themeisle-blocks-form-d86137d7_nonce_field\" value=\"b20060ee45\" \/><input type=\"hidden\" name=\"_wp_http_referer\" value=\"\/index.php\/wp-json\/wp\/v2\/pages\/365\" \/><input class=\"o-anti-bot\" type=\"checkbox\"><\/div><div class=\"wp-block-button o-center\"><button class=\"wp-block-button__link\" type=\"submit\">Envoyer<\/button><\/div><\/form><\/div>\n<\/div>\n<\/div><\/div>\n","protected":false},"excerpt":{"rendered":"","protected":false},"author":1,"featured_media":0,"parent":0,"menu_order":0,"comment_status":"closed","ping_status":"closed","template":"page-templates\/template-pagebuilder-full-width.php","meta":{"neve_meta_sidebar":"full-width","neve_meta_container":"","neve_meta_enable_content_width":"on","neve_meta_content_width":100,"neve_meta_title_alignment":"","neve_meta_author_avatar":"","neve_post_elements_order":"","neve_meta_disable_header":"","neve_meta_disable_footer":"","neve_meta_disable_title":"","_themeisle_gutenberg_block_has_review":false,"_ti_tpc_template_sync":false,"_ti_tpc_template_id":"lv10nnwhqw3r27y8eugf","footnotes":""},"class_list":["post-365","page","type-page","status-publish","hentry"],"yoast_head":"<!-- This site is optimized with the Yoast SEO plugin v20.8 - https:\/\/yoast.com\/wordpress\/plugins\/seo\/ -->\n<title>Contact - Compagnie Ode M\u00e9lodique<\/title>\n<meta name=\"robots\" content=\"index, follow, max-snippet:-1, max-image-preview:large, max-video-preview:-1\" \/>\n<link rel=\"canonical\" href=\"https:\/\/odemelodique.fr\/index.php\/b56e6-contact\/\" \/>\n<meta property=\"og:locale\" content=\"fr_FR\" \/>\n<meta property=\"og:type\" content=\"article\" \/>\n<meta property=\"og:title\" content=\"Contact - Compagnie Ode M\u00e9lodique\" \/>\n<meta property=\"og:url\" content=\"https:\/\/odemelodique.fr\/index.php\/b56e6-contact\/\" \/>\n<meta property=\"og:site_name\" content=\"Compagnie Ode M\u00e9lodique\" \/>\n<meta property=\"article:modified_time\" content=\"2024-05-27T15:13:06+00:00\" \/>\n<meta property=\"og:image\" content=\"https:\/\/odemelodique.fr\/wp-content\/uploads\/2023\/03\/f_logo_RGB-Blue_1024-1024x1024.png\" \/>\n<meta name=\"twitter:card\" content=\"summary_large_image\" \/>\n<meta name=\"twitter:label1\" content=\"Dur\u00e9e de lecture estim\u00e9e\" \/>\n\t<meta name=\"twitter:data1\" content=\"1 minute\" \/>\n<script type=\"application\/ld+json\" class=\"yoast-schema-graph\">{\"@context\":\"https:\/\/schema.org\",\"@graph\":[{\"@type\":\"WebPage\",\"@id\":\"https:\/\/odemelodique.fr\/index.php\/b56e6-contact\/\",\"url\":\"https:\/\/odemelodique.fr\/index.php\/b56e6-contact\/\",\"name\":\"Contact - Compagnie Ode M\u00e9lodique\",\"isPartOf\":{\"@id\":\"https:\/\/odemelodique.fr\/#website\"},\"datePublished\":\"2020-03-28T13:57:22+00:00\",\"dateModified\":\"2024-05-27T15:13:06+00:00\",\"breadcrumb\":{\"@id\":\"https:\/\/odemelodique.fr\/index.php\/b56e6-contact\/#breadcrumb\"},\"inLanguage\":\"fr-FR\",\"potentialAction\":[{\"@type\":\"ReadAction\",\"target\":[\"https:\/\/odemelodique.fr\/index.php\/b56e6-contact\/\"]}]},{\"@type\":\"BreadcrumbList\",\"@id\":\"https:\/\/odemelodique.fr\/index.php\/b56e6-contact\/#breadcrumb\",\"itemListElement\":[{\"@type\":\"ListItem\",\"position\":1,\"name\":\"Accueil\",\"item\":\"https:\/\/odemelodique.fr\/\"},{\"@type\":\"ListItem\",\"position\":2,\"name\":\"Contact\"}]},{\"@type\":\"WebSite\",\"@id\":\"https:\/\/odemelodique.fr\/#website\",\"url\":\"https:\/\/odemelodique.fr\/\",\"name\":\"Compagnie Ode M\u00e9lodique\",\"description\":\"\",\"publisher\":{\"@id\":\"https:\/\/odemelodique.fr\/#organization\"},\"potentialAction\":[{\"@type\":\"SearchAction\",\"target\":{\"@type\":\"EntryPoint\",\"urlTemplate\":\"https:\/\/odemelodique.fr\/?s={search_term_string}\"},\"query-input\":\"required name=search_term_string\"}],\"inLanguage\":\"fr-FR\"},{\"@type\":\"Organization\",\"@id\":\"https:\/\/odemelodique.fr\/#organization\",\"name\":\"Compagnie Ode M\u00e9lodique\",\"url\":\"https:\/\/odemelodique.fr\/\",\"logo\":{\"@type\":\"ImageObject\",\"inLanguage\":\"fr-FR\",\"@id\":\"https:\/\/odemelodique.fr\/#\/schema\/logo\/image\/\",\"url\":\"https:\/\/odemelodique.fr\/wp-content\/uploads\/2022\/10\/Logo-noir-fond-blanc-RECTANGLE.jpg\",\"contentUrl\":\"https:\/\/odemelodique.fr\/wp-content\/uploads\/2022\/10\/Logo-noir-fond-blanc-RECTANGLE.jpg\",\"width\":780,\"height\":468,\"caption\":\"Compagnie Ode M\u00e9lodique\"},\"image\":{\"@id\":\"https:\/\/odemelodique.fr\/#\/schema\/logo\/image\/\"}}]}<\/script>\n<!-- \/ Yoast SEO plugin. -->","yoast_head_json":{"title":"Contact - Compagnie Ode M\u00e9lodique","robots":{"index":"index","follow":"follow","max-snippet":"max-snippet:-1","max-image-preview":"max-image-preview:large","max-video-preview":"max-video-preview:-1"},"canonical":"https:\/\/odemelodique.fr\/index.php\/b56e6-contact\/","og_locale":"fr_FR","og_type":"article","og_title":"Contact - Compagnie Ode M\u00e9lodique","og_url":"https:\/\/odemelodique.fr\/index.php\/b56e6-contact\/","og_site_name":"Compagnie Ode M\u00e9lodique","article_modified_time":"2024-05-27T15:13:06+00:00","og_image":[{"url":"https:\/\/odemelodique.fr\/wp-content\/uploads\/2023\/03\/f_logo_RGB-Blue_1024-1024x1024.png"}],"twitter_card":"summary_large_image","twitter_misc":{"Dur\u00e9e de lecture estim\u00e9e":"1 minute"},"schema":{"@context":"https:\/\/schema.org","@graph":[{"@type":"WebPage","@id":"https:\/\/odemelodique.fr\/index.php\/b56e6-contact\/","url":"https:\/\/odemelodique.fr\/index.php\/b56e6-contact\/","name":"Contact - Compagnie Ode M\u00e9lodique","isPartOf":{"@id":"https:\/\/odemelodique.fr\/#website"},"datePublished":"2020-03-28T13:57:22+00:00","dateModified":"2024-05-27T15:13:06+00:00","breadcrumb":{"@id":"https:\/\/odemelodique.fr\/index.php\/b56e6-contact\/#breadcrumb"},"inLanguage":"fr-FR","potentialAction":[{"@type":"ReadAction","target":["https:\/\/odemelodique.fr\/index.php\/b56e6-contact\/"]}]},{"@type":"BreadcrumbList","@id":"https:\/\/odemelodique.fr\/index.php\/b56e6-contact\/#breadcrumb","itemListElement":[{"@type":"ListItem","position":1,"name":"Accueil","item":"https:\/\/odemelodique.fr\/"},{"@type":"ListItem","position":2,"name":"Contact"}]},{"@type":"WebSite","@id":"https:\/\/odemelodique.fr\/#website","url":"https:\/\/odemelodique.fr\/","name":"Compagnie Ode M\u00e9lodique","description":"","publisher":{"@id":"https:\/\/odemelodique.fr\/#organization"},"potentialAction":[{"@type":"SearchAction","target":{"@type":"EntryPoint","urlTemplate":"https:\/\/odemelodique.fr\/?s={search_term_string}"},"query-input":"required name=search_term_string"}],"inLanguage":"fr-FR"},{"@type":"Organization","@id":"https:\/\/odemelodique.fr\/#organization","name":"Compagnie Ode M\u00e9lodique","url":"https:\/\/odemelodique.fr\/","logo":{"@type":"ImageObject","inLanguage":"fr-FR","@id":"https:\/\/odemelodique.fr\/#\/schema\/logo\/image\/","url":"https:\/\/odemelodique.fr\/wp-content\/uploads\/2022\/10\/Logo-noir-fond-blanc-RECTANGLE.jpg","contentUrl":"https:\/\/odemelodique.fr\/wp-content\/uploads\/2022\/10\/Logo-noir-fond-blanc-RECTANGLE.jpg","width":780,"height":468,"caption":"Compagnie Ode M\u00e9lodique"},"image":{"@id":"https:\/\/odemelodique.fr\/#\/schema\/logo\/image\/"}}]}},"_links":{"self":[{"href":"https:\/\/odemelodique.fr\/index.php\/wp-json\/wp\/v2\/pages\/365","targetHints":{"allow":["GET"]}}],"collection":[{"href":"https:\/\/odemelodique.fr\/index.php\/wp-json\/wp\/v2\/pages"}],"about":[{"href":"https:\/\/odemelodique.fr\/index.php\/wp-json\/wp\/v2\/types\/page"}],"author":[{"embeddable":true,"href":"https:\/\/odemelodique.fr\/index.php\/wp-json\/wp\/v2\/users\/1"}],"replies":[{"embeddable":true,"href":"https:\/\/odemelodique.fr\/index.php\/wp-json\/wp\/v2\/comments?post=365"}],"version-history":[{"count":19,"href":"https:\/\/odemelodique.fr\/index.php\/wp-json\/wp\/v2\/pages\/365\/revisions"}],"predecessor-version":[{"id":1937,"href":"https:\/\/odemelodique.fr\/index.php\/wp-json\/wp\/v2\/pages\/365\/revisions\/1937"}],"wp:attachment":[{"href":"https:\/\/odemelodique.fr\/index.php\/wp-json\/wp\/v2\/media?parent=365"}],"curies":[{"name":"wp","href":"https:\/\/api.w.org\/{rel}","templated":true}]}}