{"id":800,"date":"2022-10-10T17:32:25","date_gmt":"2022-10-10T15:32:25","guid":{"rendered":"http:\/\/odemelodique.fr\/?page_id=800"},"modified":"2023-12-27T13:32:20","modified_gmt":"2023-12-27T12:32:20","slug":"videos","status":"publish","type":"page","link":"https:\/\/odemelodique.fr\/index.php\/medias\/videos\/","title":{"rendered":"Vid\u00e9os"},"content":{"rendered":"\n<div id=\"wp-block-themeisle-blocks-advanced-columns-90e7121d\" class=\"wp-block-themeisle-blocks-advanced-columns alignfull has-1-columns has-desktop-equal-layout has-tablet-equal-layout has-mobile-equal-layout has-vertical-unset\"><div class=\"wp-block-themeisle-blocks-advanced-columns-overlay\"><\/div><div class=\"innerblocks-wrap\">\n<div id=\"wp-block-themeisle-blocks-advanced-column-e869362b\" class=\"wp-block-themeisle-blocks-advanced-column\">\n<div class=\"wp-block-columns is-layout-flex wp-container-core-columns-is-layout-9d6595d7 wp-block-columns-is-layout-flex\">\n<div class=\"wp-block-column is-layout-flow wp-block-column-is-layout-flow\">\n<h2 id=\"wp-block-themeisle-blocks-advanced-heading-c6bbd692\" class=\"wp-block-themeisle-blocks-advanced-heading wp-block-themeisle-blocks-advanced-heading-c6bbd692\">Pour voir l&rsquo;int\u00e9gralit\u00e9 de nos vid\u00e9os :<\/h2>\n\n\n\n<div class=\"wp-block-buttons is-content-justification-center is-layout-flex wp-container-core-buttons-is-layout-16018d1d wp-block-buttons-is-layout-flex\">\n<div class=\"wp-block-button is-style-primary\"><a class=\"wp-block-button__link has-nv-text-dark-bg-color has-text-color has-background has-link-color wp-element-button\" href=\"https:\/\/www.youtube.com\/channel\/UC4-9duAEsOM6-zMAnNQeNgA\" style=\"background-color:#eb7341\" target=\"_blank\" rel=\"noreferrer noopener\"><i class=\"fa-brands fa-youtube\"><\/i>  Notre cha\u00eene Youtube !<\/a><\/div>\n<\/div>\n<\/div>\n<\/div>\n<\/div>\n<\/div><\/div>\n","protected":false},"excerpt":{"rendered":"","protected":false},"author":1,"featured_media":0,"parent":710,"menu_order":3,"comment_status":"closed","ping_status":"closed","template":"","meta":{"neve_meta_sidebar":"","neve_meta_container":"","neve_meta_enable_content_width":"","neve_meta_content_width":0,"neve_meta_title_alignment":"","neve_meta_author_avatar":"","neve_post_elements_order":"","neve_meta_disable_header":"","neve_meta_disable_footer":"","neve_meta_disable_title":"","_themeisle_gutenberg_block_has_review":false,"_ti_tpc_template_sync":false,"_ti_tpc_template_id":"","footnotes":""},"class_list":["post-800","page","type-page","status-publish","hentry"],"yoast_head":"<!-- This site is optimized with the Yoast SEO plugin v20.8 - https:\/\/yoast.com\/wordpress\/plugins\/seo\/ -->\n<title>Vid\u00e9os - Compagnie Ode M\u00e9lodique<\/title>\n<meta name=\"robots\" content=\"index, follow, max-snippet:-1, max-image-preview:large, max-video-preview:-1\" \/>\n<link rel=\"canonical\" href=\"https:\/\/odemelodique.fr\/index.php\/medias\/videos\/\" \/>\n<meta property=\"og:locale\" content=\"fr_FR\" \/>\n<meta property=\"og:type\" content=\"article\" \/>\n<meta property=\"og:title\" content=\"Vid\u00e9os - Compagnie Ode M\u00e9lodique\" \/>\n<meta property=\"og:url\" content=\"https:\/\/odemelodique.fr\/index.php\/medias\/videos\/\" \/>\n<meta property=\"og:site_name\" content=\"Compagnie Ode M\u00e9lodique\" \/>\n<meta property=\"article:modified_time\" content=\"2023-12-27T12:32:20+00:00\" \/>\n<meta name=\"twitter:card\" content=\"summary_large_image\" \/>\n<meta name=\"twitter:label1\" content=\"Dur\u00e9e de lecture estim\u00e9e\" \/>\n\t<meta name=\"twitter:data1\" content=\"1 minute\" \/>\n<script type=\"application\/ld+json\" class=\"yoast-schema-graph\">{\"@context\":\"https:\/\/schema.org\",\"@graph\":[{\"@type\":\"WebPage\",\"@id\":\"https:\/\/odemelodique.fr\/index.php\/medias\/videos\/\",\"url\":\"https:\/\/odemelodique.fr\/index.php\/medias\/videos\/\",\"name\":\"Vid\u00e9os - Compagnie Ode M\u00e9lodique\",\"isPartOf\":{\"@id\":\"https:\/\/odemelodique.fr\/#website\"},\"datePublished\":\"2022-10-10T15:32:25+00:00\",\"dateModified\":\"2023-12-27T12:32:20+00:00\",\"breadcrumb\":{\"@id\":\"https:\/\/odemelodique.fr\/index.php\/medias\/videos\/#breadcrumb\"},\"inLanguage\":\"fr-FR\",\"potentialAction\":[{\"@type\":\"ReadAction\",\"target\":[\"https:\/\/odemelodique.fr\/index.php\/medias\/videos\/\"]}]},{\"@type\":\"BreadcrumbList\",\"@id\":\"https:\/\/odemelodique.fr\/index.php\/medias\/videos\/#breadcrumb\",\"itemListElement\":[{\"@type\":\"ListItem\",\"position\":1,\"name\":\"Accueil\",\"item\":\"https:\/\/odemelodique.fr\/\"},{\"@type\":\"ListItem\",\"position\":2,\"name\":\"M\u00e9dias\",\"item\":\"https:\/\/odemelodique.fr\/index.php\/medias\/\"},{\"@type\":\"ListItem\",\"position\":3,\"name\":\"Vid\u00e9os\"}]},{\"@type\":\"WebSite\",\"@id\":\"https:\/\/odemelodique.fr\/#website\",\"url\":\"https:\/\/odemelodique.fr\/\",\"name\":\"Compagnie Ode M\u00e9lodique\",\"description\":\"\",\"publisher\":{\"@id\":\"https:\/\/odemelodique.fr\/#organization\"},\"potentialAction\":[{\"@type\":\"SearchAction\",\"target\":{\"@type\":\"EntryPoint\",\"urlTemplate\":\"https:\/\/odemelodique.fr\/?s={search_term_string}\"},\"query-input\":\"required name=search_term_string\"}],\"inLanguage\":\"fr-FR\"},{\"@type\":\"Organization\",\"@id\":\"https:\/\/odemelodique.fr\/#organization\",\"name\":\"Compagnie Ode M\u00e9lodique\",\"url\":\"https:\/\/odemelodique.fr\/\",\"logo\":{\"@type\":\"ImageObject\",\"inLanguage\":\"fr-FR\",\"@id\":\"https:\/\/odemelodique.fr\/#\/schema\/logo\/image\/\",\"url\":\"https:\/\/odemelodique.fr\/wp-content\/uploads\/2022\/10\/Logo-noir-fond-blanc-RECTANGLE.jpg\",\"contentUrl\":\"https:\/\/odemelodique.fr\/wp-content\/uploads\/2022\/10\/Logo-noir-fond-blanc-RECTANGLE.jpg\",\"width\":780,\"height\":468,\"caption\":\"Compagnie Ode M\u00e9lodique\"},\"image\":{\"@id\":\"https:\/\/odemelodique.fr\/#\/schema\/logo\/image\/\"}}]}<\/script>\n<!-- \/ Yoast SEO plugin. -->","yoast_head_json":{"title":"Vid\u00e9os - Compagnie Ode M\u00e9lodique","robots":{"index":"index","follow":"follow","max-snippet":"max-snippet:-1","max-image-preview":"max-image-preview:large","max-video-preview":"max-video-preview:-1"},"canonical":"https:\/\/odemelodique.fr\/index.php\/medias\/videos\/","og_locale":"fr_FR","og_type":"article","og_title":"Vid\u00e9os - Compagnie Ode M\u00e9lodique","og_url":"https:\/\/odemelodique.fr\/index.php\/medias\/videos\/","og_site_name":"Compagnie Ode M\u00e9lodique","article_modified_time":"2023-12-27T12:32:20+00:00","twitter_card":"summary_large_image","twitter_misc":{"Dur\u00e9e de lecture estim\u00e9e":"1 minute"},"schema":{"@context":"https:\/\/schema.org","@graph":[{"@type":"WebPage","@id":"https:\/\/odemelodique.fr\/index.php\/medias\/videos\/","url":"https:\/\/odemelodique.fr\/index.php\/medias\/videos\/","name":"Vid\u00e9os - Compagnie Ode M\u00e9lodique","isPartOf":{"@id":"https:\/\/odemelodique.fr\/#website"},"datePublished":"2022-10-10T15:32:25+00:00","dateModified":"2023-12-27T12:32:20+00:00","breadcrumb":{"@id":"https:\/\/odemelodique.fr\/index.php\/medias\/videos\/#breadcrumb"},"inLanguage":"fr-FR","potentialAction":[{"@type":"ReadAction","target":["https:\/\/odemelodique.fr\/index.php\/medias\/videos\/"]}]},{"@type":"BreadcrumbList","@id":"https:\/\/odemelodique.fr\/index.php\/medias\/videos\/#breadcrumb","itemListElement":[{"@type":"ListItem","position":1,"name":"Accueil","item":"https:\/\/odemelodique.fr\/"},{"@type":"ListItem","position":2,"name":"M\u00e9dias","item":"https:\/\/odemelodique.fr\/index.php\/medias\/"},{"@type":"ListItem","position":3,"name":"Vid\u00e9os"}]},{"@type":"WebSite","@id":"https:\/\/odemelodique.fr\/#website","url":"https:\/\/odemelodique.fr\/","name":"Compagnie Ode M\u00e9lodique","description":"","publisher":{"@id":"https:\/\/odemelodique.fr\/#organization"},"potentialAction":[{"@type":"SearchAction","target":{"@type":"EntryPoint","urlTemplate":"https:\/\/odemelodique.fr\/?s={search_term_string}"},"query-input":"required name=search_term_string"}],"inLanguage":"fr-FR"},{"@type":"Organization","@id":"https:\/\/odemelodique.fr\/#organization","name":"Compagnie Ode M\u00e9lodique","url":"https:\/\/odemelodique.fr\/","logo":{"@type":"ImageObject","inLanguage":"fr-FR","@id":"https:\/\/odemelodique.fr\/#\/schema\/logo\/image\/","url":"https:\/\/odemelodique.fr\/wp-content\/uploads\/2022\/10\/Logo-noir-fond-blanc-RECTANGLE.jpg","contentUrl":"https:\/\/odemelodique.fr\/wp-content\/uploads\/2022\/10\/Logo-noir-fond-blanc-RECTANGLE.jpg","width":780,"height":468,"caption":"Compagnie Ode M\u00e9lodique"},"image":{"@id":"https:\/\/odemelodique.fr\/#\/schema\/logo\/image\/"}}]}},"_links":{"self":[{"href":"https:\/\/odemelodique.fr\/index.php\/wp-json\/wp\/v2\/pages\/800","targetHints":{"allow":["GET"]}}],"collection":[{"href":"https:\/\/odemelodique.fr\/index.php\/wp-json\/wp\/v2\/pages"}],"about":[{"href":"https:\/\/odemelodique.fr\/index.php\/wp-json\/wp\/v2\/types\/page"}],"author":[{"embeddable":true,"href":"https:\/\/odemelodique.fr\/index.php\/wp-json\/wp\/v2\/users\/1"}],"replies":[{"embeddable":true,"href":"https:\/\/odemelodique.fr\/index.php\/wp-json\/wp\/v2\/comments?post=800"}],"version-history":[{"count":9,"href":"https:\/\/odemelodique.fr\/index.php\/wp-json\/wp\/v2\/pages\/800\/revisions"}],"predecessor-version":[{"id":1661,"href":"https:\/\/odemelodique.fr\/index.php\/wp-json\/wp\/v2\/pages\/800\/revisions\/1661"}],"up":[{"embeddable":true,"href":"https:\/\/odemelodique.fr\/index.php\/wp-json\/wp\/v2\/pages\/710"}],"wp:attachment":[{"href":"https:\/\/odemelodique.fr\/index.php\/wp-json\/wp\/v2\/media?parent=800"}],"curies":[{"name":"wp","href":"https:\/\/api.w.org\/{rel}","templated":true}]}}